{"id":9,"date":"2024-08-19T16:17:05","date_gmt":"2024-08-19T16:17:05","guid":{"rendered":"https:\/\/sasaribic-psihoterapija.com\/?page_id=9"},"modified":"2024-08-19T19:16:45","modified_gmt":"2024-08-19T19:16:45","slug":"kontakt","status":"publish","type":"page","link":"https:\/\/sasaribic-psihoterapija.com\/index.php\/kontakt\/","title":{"rendered":"Kontakt"},"content":{"rendered":"\n<p>Industrijska cesta 12a, Izola<\/p>\n\n\n\n<p><\/p>\n\n\n\n<p><a href=\"tel:+38640552797\">040 552 797<\/a><\/p>\n\n\n\n<p><a href=\"mailto:ribic.sasa@gmail.com\">ribic.sasa@gmail.com<\/a><\/p>\n\n\n\n<p><\/p>\n\n\n\n<p>Uradni naslov in podatki podjetja<br>STUDIO PAN, Sa\u0161a Ribi\u010d Guglielmino, s.p.<br>Ulica 2. prekomorske brigade 34 a, 6000 Koper<br>Dav\u010dna \u0161tevilka 55517030<br>TRR SI56 0400 1004 9847 804<br>Mati\u010dna \u0161tevilka 3659097000<\/p>\n","protected":false},"excerpt":{"rendered":"<p>Industrijska cesta 12a, Izola 040 552 797 ribic.sasa@gmail.com Uradni naslov in podatki podjetjaSTUDIO PAN, Sa\u0161a Ribi\u010d Guglielmino, s.p.Ulica 2. prekomorske brigade 34 a, 6000 KoperDav\u010dna \u0161tevilka 55517030TRR SI56 0400 1004 9847 804Mati\u010dna \u0161tevilka 3659097000<\/p>\n","protected":false},"author":1,"featured_media":29,"parent":0,"menu_order":0,"comment_status":"closed","ping_status":"closed","template":"page-templates\/page-nosidebars.php","meta":{"footnotes":""},"class_list":["post-9","page","type-page","status-publish","has-post-thumbnail","hentry"],"_links":{"self":[{"href":"https:\/\/sasaribic-psihoterapija.com\/index.php\/wp-json\/wp\/v2\/pages\/9","targetHints":{"allow":["GET"]}}],"collection":[{"href":"https:\/\/sasaribic-psihoterapija.com\/index.php\/wp-json\/wp\/v2\/pages"}],"about":[{"href":"https:\/\/sasaribic-psihoterapija.com\/index.php\/wp-json\/wp\/v2\/types\/page"}],"author":[{"embeddable":true,"href":"https:\/\/sasaribic-psihoterapija.com\/index.php\/wp-json\/wp\/v2\/users\/1"}],"replies":[{"embeddable":true,"href":"https:\/\/sasaribic-psihoterapija.com\/index.php\/wp-json\/wp\/v2\/comments?post=9"}],"version-history":[{"count":2,"href":"https:\/\/sasaribic-psihoterapija.com\/index.php\/wp-json\/wp\/v2\/pages\/9\/revisions"}],"predecessor-version":[{"id":33,"href":"https:\/\/sasaribic-psihoterapija.com\/index.php\/wp-json\/wp\/v2\/pages\/9\/revisions\/33"}],"wp:featuredmedia":[{"embeddable":true,"href":"https:\/\/sasaribic-psihoterapija.com\/index.php\/wp-json\/wp\/v2\/media\/29"}],"wp:attachment":[{"href":"https:\/\/sasaribic-psihoterapija.com\/index.php\/wp-json\/wp\/v2\/media?parent=9"}],"curies":[{"name":"wp","href":"https:\/\/api.w.org\/{rel}","templated":true}]}}