{"id":132,"date":"2024-08-19T19:56:52","date_gmt":"2024-08-19T19:56:52","guid":{"rendered":"https:\/\/sasaribic-psihoterapija.com\/?page_id=132"},"modified":"2024-08-19T20:09:10","modified_gmt":"2024-08-19T20:09:10","slug":"komu-je-psihoterapija-namenjena","status":"publish","type":"page","link":"https:\/\/sasaribic-psihoterapija.com\/index.php\/komu-je-psihoterapija-namenjena\/","title":{"rendered":"Komu je psihoterapija namenjena"},"content":{"rendered":"\n<p><strong>S pomo\u010djo psihoterapije lahko znova odkrijete va\u0161e lastne mo\u010di in sposobnosti, da boste lahko:<\/strong><\/p>\n\n\n\n<p><\/p>\n\n\n\n<ul class=\"wp-block-list\">\n<li>Uspe\u0161no zdravili telesno bolezen in druge psihosomatske te\u017eave (glavoboli, te\u017eave z \u017eelodcem in prebavo, bole\u010dine v hrbtenici, nespe\u010dnost\u2026).<\/li>\n\n\n\n<li>Premagovali resnej\u0161o te\u017eavo kot je tesnoba, pani\u010dni napad, depresija,\u00a0\u00a0bipolarna motnja, motnja hranjenja \u2026<\/li>\n\n\n\n<li>Se nau\u010dili polno \u017eiveti s sprejemanjem in obvladovanjem dolo\u010dene te\u017eave.<\/li>\n\n\n\n<li>Ozdravili katerokoli obliko odvisnosti\u00a0\u00a0in za\u017eiveli bolj zdravo \u017eivljenje.<\/li>\n\n\n\n<li>Pomagali svojemu otroku pri premagovanju in re\u0161evanju te\u017eav otro\u0161tva ali mladostni\u0161tva (te\u017eave z u\u010denjem, koncentracijo, glavoboli, slabosti, mo\u010denje postelje, te\u017eko navezovanje socialnih stikov, perfekcionizem, ne samozavest, strahovi, obsesivno kompulzivne motnje, depresivni ob\u010dutki, motnje hranjenja, samo destruktivnost, odvisnost\u2026).<\/li>\n\n\n\n<li>La\u017ee obvladovali oz. vplivali na stres in preobremenjenost ter se la\u017ee sprostili v vsakodnevnem \u017eivljenju.\u00a0<\/li>\n\n\n\n<li>La\u017ee sprejemali in se soo\u010dali z ve\u010djimi spremembami ter izgubami v \u017eivljenju.<\/li>\n\n\n\n<li>\u00a0Imeli bolj polne, sre\u010dne, zadovoljujo\u010de osebne (partnerske, dru\u017einske) odnose.<\/li>\n\n\n\n<li>Razjasnili in spremenili druge svoje (delovne, prijateljske) odnose.<\/li>\n\n\n\n<li>Se soo\u010dili s preteklim travmati\u010dnim dogodkom in ponovno za\u017eiveli.<\/li>\n\n\n\n<li>Postali bolj samozavestni na raznih podro\u010djih svojega vsakodnevnega \u017eivljenja.<\/li>\n\n\n\n<li>Ponovno za\u010dutili optimizem in zaupanje v lastno \u017eivljenje in svojo pot ter aktivnosti.<\/li>\n<\/ul>\n","protected":false},"excerpt":{"rendered":"<p>S pomo\u010djo psihoterapije lahko znova odkrijete va\u0161e lastne mo\u010di in sposobnosti, da boste lahko:<\/p>\n","protected":false},"author":1,"featured_media":0,"parent":0,"menu_order":0,"comment_status":"closed","ping_status":"closed","template":"page-templates\/page-nosidebars.php","meta":{"footnotes":""},"class_list":["post-132","page","type-page","status-publish","hentry"],"_links":{"self":[{"href":"https:\/\/sasaribic-psihoterapija.com\/index.php\/wp-json\/wp\/v2\/pages\/132","targetHints":{"allow":["GET"]}}],"collection":[{"href":"https:\/\/sasaribic-psihoterapija.com\/index.php\/wp-json\/wp\/v2\/pages"}],"about":[{"href":"https:\/\/sasaribic-psihoterapija.com\/index.php\/wp-json\/wp\/v2\/types\/page"}],"author":[{"embeddable":true,"href":"https:\/\/sasaribic-psihoterapija.com\/index.php\/wp-json\/wp\/v2\/users\/1"}],"replies":[{"embeddable":true,"href":"https:\/\/sasaribic-psihoterapija.com\/index.php\/wp-json\/wp\/v2\/comments?post=132"}],"version-history":[{"count":1,"href":"https:\/\/sasaribic-psihoterapija.com\/index.php\/wp-json\/wp\/v2\/pages\/132\/revisions"}],"predecessor-version":[{"id":133,"href":"https:\/\/sasaribic-psihoterapija.com\/index.php\/wp-json\/wp\/v2\/pages\/132\/revisions\/133"}],"wp:attachment":[{"href":"https:\/\/sasaribic-psihoterapija.com\/index.php\/wp-json\/wp\/v2\/media?parent=132"}],"curies":[{"name":"wp","href":"https:\/\/api.w.org\/{rel}","templated":true}]}}