{"id":130,"date":"2024-08-19T19:55:33","date_gmt":"2024-08-19T19:55:33","guid":{"rendered":"https:\/\/sasaribic-psihoterapija.com\/?page_id=130"},"modified":"2024-08-19T20:09:04","modified_gmt":"2024-08-19T20:09:04","slug":"kaj-je-psihoterapija","status":"publish","type":"page","link":"https:\/\/sasaribic-psihoterapija.com\/index.php\/kaj-je-psihoterapija\/","title":{"rendered":"Kaj je psihoterapija"},"content":{"rendered":"\n<p>Kot sistemska psihoterapevtka delam s posamezniki, pari in dru\u017einami, vedno z vidika, da je posamezna oseba del o\u017ejega, torej dru\u017einskega, in del \u0161ir\u0161ega sistema, ki vplivata nanjo in na katera povratno vpliva tudi vsak posameznik. Zakaj je to pomembno? V\u010dasih imamo ob\u010dutek, da nas \u017eivljenje s svojimi podro\u010dji kar vozi skozi \u010das in da nimamo mo\u010di in vpliva teh podro\u010dij (to je lahko npr. delo ali partnerski odnos) spreminjati. Po\u010dutimo se nemo\u010dne karkoli narediti.&nbsp;<strong>Med psihoterapijo, ki je zaupni pogovor med terapevtom in osebo (klientom), osvetlimo druga\u010den pogled na na\u0161o aktivnost kot mo\u017enost spreminjanja na\u0161ega \u017eivljenja.&nbsp;<\/strong>Med pogovorom s terapevtom osvetlimo svoj problem, ga pogledamo z razli\u010dnih perspektiv, lahko i\u0161\u010demo in odpravljamo vzroke zanj. Vendar smo hkrati usmerjeni v cilj, v tisto \u010disto konkretno pozitivno spremembo, ki si jo \u017eelimo. To je vizija, ki si jo lahko predstavljamo z vsemi slikami, zvoki in ob\u010dutki, kot smo to pogosto po\u010deli, ko smo bili \u0161e otroci. Zato je moje prvo vpra\u0161anje osebi, ki pride na pogovor&nbsp;&nbsp;vedno:&nbsp;\u201cKaj bo druga\u010de v va\u0161em \u017eivljenju, ko boste zadnji\u010d stopili skozi vrata te sobe?\u201d&nbsp;Ko imamo vizijo in konkreten cilj oz. izhode, skupaj i\u0161\u010demo tiste vire mo\u010di in zdrave dele, ki vam lahko pomagajo pri doseganju spremembe.&nbsp;Potem sledi va\u0161a aktivnost.&nbsp;<strong>Psihoterapija je va\u0161e delo in va\u0161a sprememba.<\/strong>&nbsp;Psihoterapevti vas pri tem usmerjamo, spremljamo, spodbujamo, vam pomagamo, da gre v za vas pravo smer.&nbsp;<\/p>\n","protected":false},"excerpt":{"rendered":"<p>Kot sistemska psihoterapevtka delam s posamezniki, pari in dru\u017einami, vedno z vidika, da je posamezna oseba del o\u017ejega, torej dru\u017einskega, in del \u0161ir\u0161ega sistema, ki vplivata nanjo in na katera povratno vpliva tudi vsak posameznik. Zakaj je to pomembno? V\u010dasih imamo ob\u010dutek, da nas \u017eivljenje s svojimi podro\u010dji kar vozi skozi \u010das in da nimamo [&hellip;]<\/p>\n","protected":false},"author":1,"featured_media":0,"parent":0,"menu_order":0,"comment_status":"closed","ping_status":"closed","template":"page-templates\/page-nosidebars.php","meta":{"footnotes":""},"class_list":["post-130","page","type-page","status-publish","hentry"],"_links":{"self":[{"href":"https:\/\/sasaribic-psihoterapija.com\/index.php\/wp-json\/wp\/v2\/pages\/130","targetHints":{"allow":["GET"]}}],"collection":[{"href":"https:\/\/sasaribic-psihoterapija.com\/index.php\/wp-json\/wp\/v2\/pages"}],"about":[{"href":"https:\/\/sasaribic-psihoterapija.com\/index.php\/wp-json\/wp\/v2\/types\/page"}],"author":[{"embeddable":true,"href":"https:\/\/sasaribic-psihoterapija.com\/index.php\/wp-json\/wp\/v2\/users\/1"}],"replies":[{"embeddable":true,"href":"https:\/\/sasaribic-psihoterapija.com\/index.php\/wp-json\/wp\/v2\/comments?post=130"}],"version-history":[{"count":1,"href":"https:\/\/sasaribic-psihoterapija.com\/index.php\/wp-json\/wp\/v2\/pages\/130\/revisions"}],"predecessor-version":[{"id":131,"href":"https:\/\/sasaribic-psihoterapija.com\/index.php\/wp-json\/wp\/v2\/pages\/130\/revisions\/131"}],"wp:attachment":[{"href":"https:\/\/sasaribic-psihoterapija.com\/index.php\/wp-json\/wp\/v2\/media?parent=130"}],"curies":[{"name":"wp","href":"https:\/\/api.w.org\/{rel}","templated":true}]}}